{"id":1901,"date":"2024-07-01T11:27:07","date_gmt":"2024-07-01T11:27:07","guid":{"rendered":"https:\/\/landingpage-mason.vinitor.app\/?page_id=1901"},"modified":"2024-10-24T12:54:23","modified_gmt":"2024-10-24T11:54:23","slug":"service","status":"publish","type":"page","link":"https:\/\/landingpage-mason.vinitor.app\/service\/","title":{"rendered":"Service"},"content":{"rendered":"\n<div class=\"wp-block-uagb-container uagb-layout-grid uagb-block-wctrywi1 alignfull uagb-is-root-container\"><div class=\"uagb-container-inner-blocks-wrap\">\n<div class=\"wp-block-uagb-info-box uagb-block-mahaozfg uagb-infobox__content-wrap  uagb-infobox-icon-above-title uagb-infobox-image-valign-top\"><div class=\"uagb-ifb-content\"><div class=\"uagb-ifb-title-wrap\"><h1 class=\"uagb-ifb-title\">Service<\/h1><\/div><\/div><\/div>\n\n\n\n<div class=\"wp-block-uagb-info-box uagb-block-1a5n6yuw uagb-infobox__content-wrap  uagb-infobox-icon-above-title uagb-infobox-image-valign-top\"><div class=\"uagb-ifb-content\"><div class=\"uagb-ifb-title-wrap\"><\/div><p class=\"uagb-ifb-desc\">Hier finden Sie alle Informaitonen zum Support und wie Sie mit uns in Kontakt treten k\u00f6nnen.<\/p><\/div><\/div>\n<\/div><\/div>\n\n\n\n<div class=\"wp-block-uagb-container uagb-block-nuqmdepk alignfull uagb-is-root-container\"><div class=\"uagb-container-inner-blocks-wrap\">\n<div class=\"wp-block-uagb-advanced-heading uagb-block-f493f39f\"><h2 class=\"uagb-heading-text\">Wie k\u00f6nnen wir Ihnen weiterhelfen?<\/h2><\/div>\n\n\n\n<div class=\"wp-block-uagb-container uagb-block-xz06i18k\">\n<div class=\"wp-block-uagb-container uagb-block-0tvjalhi\">\n<div class=\"wp-block-uagb-image alignleft uagb-block-vmrcytbh wp-block-uagb-image--layout-default wp-block-uagb-image--effect-static wp-block-uagb-image--align-left\"><figure class=\"wp-block-uagb-image__figure\"><img decoding=\"async\" srcset=\"https:\/\/landingpage-mason.vinitor.app\/wp-content\/uploads\/2024\/06\/LowRes_016_2020-07-12_vinitor_\u00a9Kneidinger-Photography-1024x681.jpg ,https:\/\/landingpage-mason.vinitor.app\/wp-content\/uploads\/2024\/06\/LowRes_016_2020-07-12_vinitor_\u00a9Kneidinger-Photography.jpg 780w, https:\/\/landingpage-mason.vinitor.app\/wp-content\/uploads\/2024\/06\/LowRes_016_2020-07-12_vinitor_\u00a9Kneidinger-Photography.jpg 360w\" sizes=\"auto, (max-width: 480px) 150px\" src=\"https:\/\/landingpage-mason.vinitor.app\/wp-content\/uploads\/2024\/06\/LowRes_016_2020-07-12_vinitor_\u00a9Kneidinger-Photography-1024x681.jpg\" alt=\"\" class=\"uag-image-1832\" width=\"352\" height=\"260\" title=\"LowRes_016_2020-07-12_vinitor_\u00a9Kneidinger-Photography\" loading=\"lazy\" role=\"img\"\/><\/figure><\/div>\n\n\n\n<div class=\"wp-block-uagb-info-box uagb-block-amgosydn uagb-infobox__content-wrap  uagb-infobox-icon-above-title uagb-infobox-image-valign-top\"><div class=\"uagb-ifb-content\"><div class=\"uagb-ifb-title-wrap\"><h3 class=\"uagb-ifb-title\">Ansprechpartner<\/h3><\/div><p class=\"uagb-ifb-desc\">Haben Sie Fragen zum Produkt oder m\u00f6chten mit uns pers\u00f6nlich in Kontakt treten?<\/p><\/div><\/div>\n\n\n\n<div class=\"wp-block-uagb-buttons uagb-buttons__outer-wrap uagb-btn__default-btn uagb-btn-tablet__default-btn uagb-btn-mobile__default-btn uagb-block-yj3crbvw\"><div class=\"uagb-buttons__wrap uagb-buttons-layout-wrap \">\n<div class=\"wp-block-uagb-buttons-child uagb-buttons__outer-wrap uagb-block-blokxivu wp-block-button\"><div class=\"uagb-button__wrapper\"><a class=\"uagb-buttons-repeater ast-outline-button\" aria-label=\"\" style=\"border-width:revert-layer\" href=\"\/contact\" rel=\"follow noopener\" target=\"_self\" role=\"button\"><div class=\"uagb-button__link\">Ansprechpartner finden<\/div><span class=\"uagb-button__icon uagb-button__icon-position-after\"><svg xmlns=\"https:\/\/www.w3.org\/2000\/svg\" viewBox=\"0 0 320 512\" aria-hidden=\"true\" focussable=\"false\"><path d=\"M96 480c-8.188 0-16.38-3.125-22.62-9.375c-12.5-12.5-12.5-32.75 0-45.25L242.8 256L73.38 86.63c-12.5-12.5-12.5-32.75 0-45.25s32.75-12.5 45.25 0l192 192c12.5 12.5 12.5 32.75 0 45.25l-192 192C112.4 476.9 104.2 480 96 480z\"><\/path><\/svg><\/span><\/a><\/div><\/div>\n<\/div><\/div>\n<\/div>\n\n\n\n<div class=\"wp-block-uagb-container uagb-block-shx24pub\">\n<div class=\"wp-block-uagb-image alignleft uagb-block-o4jvfqpd wp-block-uagb-image--layout-default wp-block-uagb-image--effect-static wp-block-uagb-image--align-left\"><figure class=\"wp-block-uagb-image__figure\"><img decoding=\"async\" srcset=\"https:\/\/landingpage-mason.vinitor.app\/wp-content\/uploads\/2024\/06\/LowRes_014_2020-07-12_vinitor_\u00a9Kneidinger-Photography-1024x681.jpg ,https:\/\/landingpage-mason.vinitor.app\/wp-content\/uploads\/2024\/06\/LowRes_014_2020-07-12_vinitor_\u00a9Kneidinger-Photography.jpg 780w, https:\/\/landingpage-mason.vinitor.app\/wp-content\/uploads\/2024\/06\/LowRes_014_2020-07-12_vinitor_\u00a9Kneidinger-Photography.jpg 360w\" sizes=\"auto, (max-width: 480px) 150px\" src=\"https:\/\/landingpage-mason.vinitor.app\/wp-content\/uploads\/2024\/06\/LowRes_014_2020-07-12_vinitor_\u00a9Kneidinger-Photography-1024x681.jpg\" alt=\"\" class=\"uag-image-1789\" width=\"352\" height=\"260\" title=\"LowRes_014_2020-07-12_vinitor_\u00a9Kneidinger-Photography\" loading=\"lazy\" role=\"img\"\/><\/figure><\/div>\n\n\n\n<div class=\"wp-block-uagb-info-box uagb-block-gabguzjx uagb-infobox__content-wrap  uagb-infobox-icon-above-title uagb-infobox-image-valign-top\"><div class=\"uagb-ifb-content\"><div class=\"uagb-ifb-title-wrap\"><h3 class=\"uagb-ifb-title\">Kundensupport<\/h3><\/div><p class=\"uagb-ifb-desc\">Unterst\u00fctzung f\u00fcr bestehende Kunden bei technischen Problemen.<\/p><\/div><\/div>\n\n\n\n<div class=\"wp-block-uagb-buttons uagb-buttons__outer-wrap uagb-btn__default-btn uagb-btn-tablet__default-btn uagb-btn-mobile__default-btn uagb-block-3e2wo99v\"><div class=\"uagb-buttons__wrap uagb-buttons-layout-wrap \">\n<div class=\"wp-block-uagb-buttons-child uagb-buttons__outer-wrap uagb-block-gd1jjv3e wp-block-button\"><div class=\"uagb-button__wrapper\"><a class=\"uagb-buttons-repeater ast-outline-button\" aria-label=\"\" style=\"border-width:revert-layer\" href=\"https:\/\/vinitor.atlassian.net\/servicedesk\/customer\/portals\" rel=\"follow noopener\" target=\"_blank\" role=\"button\"><div class=\"uagb-button__link\">Zum Support Center<\/div><span class=\"uagb-button__icon uagb-button__icon-position-after\"><svg xmlns=\"https:\/\/www.w3.org\/2000\/svg\" viewBox=\"0 0 320 512\" aria-hidden=\"true\" focussable=\"false\"><path d=\"M96 480c-8.188 0-16.38-3.125-22.62-9.375c-12.5-12.5-12.5-32.75 0-45.25L242.8 256L73.38 86.63c-12.5-12.5-12.5-32.75 0-45.25s32.75-12.5 45.25 0l192 192c12.5 12.5 12.5 32.75 0 45.25l-192 192C112.4 476.9 104.2 480 96 480z\"><\/path><\/svg><\/span><\/a><\/div><\/div>\n<\/div><\/div>\n<\/div>\n\n\n\n<div class=\"wp-block-uagb-container uagb-block-ltqejpjc\">\n<div class=\"wp-block-uagb-image alignleft uagb-block-vlirnaul wp-block-uagb-image--layout-default wp-block-uagb-image--effect-static wp-block-uagb-image--align-left\"><figure class=\"wp-block-uagb-image__figure\"><img decoding=\"async\" srcset=\"https:\/\/landingpage-mason.vinitor.app\/wp-content\/uploads\/2024\/06\/LowRes_013_2020-07-12_vinitor_\u00a9Kneidinger-Photography-1024x681.jpg ,https:\/\/landingpage-mason.vinitor.app\/wp-content\/uploads\/2024\/06\/LowRes_013_2020-07-12_vinitor_\u00a9Kneidinger-Photography.jpg 780w, https:\/\/landingpage-mason.vinitor.app\/wp-content\/uploads\/2024\/06\/LowRes_013_2020-07-12_vinitor_\u00a9Kneidinger-Photography.jpg 360w\" sizes=\"auto, (max-width: 480px) 150px\" src=\"https:\/\/landingpage-mason.vinitor.app\/wp-content\/uploads\/2024\/06\/LowRes_013_2020-07-12_vinitor_\u00a9Kneidinger-Photography-1024x681.jpg\" alt=\"\" class=\"uag-image-1833\" width=\"352\" height=\"260\" title=\"LowRes_013_2020-07-12_vinitor_\u00a9Kneidinger-Photography\" loading=\"lazy\" role=\"img\"\/><\/figure><\/div>\n\n\n\n<div class=\"wp-block-uagb-info-box uagb-block-mc6bcfrr uagb-infobox__content-wrap  uagb-infobox-icon-above-title uagb-infobox-image-valign-top\"><div class=\"uagb-ifb-content\"><div class=\"uagb-ifb-title-wrap\"><h3 class=\"uagb-ifb-title\">Hilfe-Ressourcen<\/h3><\/div><p class=\"uagb-ifb-desc\">Lernressourcen und Videos wie Sie als Kunde Vinitor optimal verwenden k\u00f6nnen.<\/p><\/div><\/div>\n\n\n\n<div class=\"wp-block-uagb-buttons uagb-buttons__outer-wrap uagb-btn__default-btn uagb-btn-tablet__default-btn uagb-btn-mobile__default-btn uagb-block-dyxmavzz\"><div class=\"uagb-buttons__wrap uagb-buttons-layout-wrap \">\n<div class=\"wp-block-uagb-buttons-child uagb-buttons__outer-wrap uagb-block-ahbarhca wp-block-button\"><div class=\"uagb-button__wrapper\"><a class=\"uagb-buttons-repeater ast-outline-button\" aria-label=\"\" style=\"border-width:revert-layer\" href=\"https:\/\/vinitor.atlassian.net\/servicedesk\/customer\/portals?q=\" rel=\"follow noopener\" target=\"_blank\" role=\"button\"><div class=\"uagb-button__link\">Ressourcen ansehen<\/div><span class=\"uagb-button__icon uagb-button__icon-position-after\"><svg xmlns=\"https:\/\/www.w3.org\/2000\/svg\" viewBox=\"0 0 320 512\" aria-hidden=\"true\" focussable=\"false\"><path d=\"M96 480c-8.188 0-16.38-3.125-22.62-9.375c-12.5-12.5-12.5-32.75 0-45.25L242.8 256L73.38 86.63c-12.5-12.5-12.5-32.75 0-45.25s32.75-12.5 45.25 0l192 192c12.5 12.5 12.5 32.75 0 45.25l-192 192C112.4 476.9 104.2 480 96 480z\"><\/path><\/svg><\/span><\/a><\/div><\/div>\n<\/div><\/div>\n<\/div>\n<\/div>\n\n\n\n<p>Unsere Mission ist es, Ihnen mit Vinitor einen Mehrwert zu bieten!<br>Darum ist uns auch Ihre Zufriedenheit ein besonderes Anliegen. Im Vinitor Service versuchen wir Ihre Fragen bestm\u00f6glich zu beantworten.\u00a0<\/p>\n\n\n\n<div class=\"wp-block-uagb-call-to-action uagb-block-a521f255 wp-block-button\"><div class=\"uagb-cta__wrap\"><h3 class=\"uagb-cta__title\">Daten f\u00fcr Gesch\u00e4ftspartner<\/h3><p class=\"uagb-cta__desc\">Sind Sie Gesch\u00e4ftspartner von Vinitor? Oder ben\u00f6tigen unsere Daten falls Sie es noch nicht sind? Hier finden Sie alle n\u00f6tigen Informationen zu unserem Unternehmen.<\/p><\/div><div class=\"uagb-cta__buttons\"><a href=\"\/contact\" class=\"uagb-cta__button-link-wrapper wp-block-button__link\" target=\"_self\" rel=\"noopener noreferrer\">Unternehmensdaten abrufen<svg xmlns=\"https:\/\/www.w3.org\/2000\/svg\" viewBox=\"0 0 320 512\"><path d=\"M96 480c-8.188 0-16.38-3.125-22.62-9.375c-12.5-12.5-12.5-32.75 0-45.25L242.8 256L73.38 86.63c-12.5-12.5-12.5-32.75 0-45.25s32.75-12.5 45.25 0l192 192c12.5 12.5 12.5 32.75 0 45.25l-192 192C112.4 476.9 104.2 480 96 480z\"><\/path><\/svg><\/a><\/div><\/div>\n<\/div><\/div>\n\n\n\n<div class=\"wp-block-uagb-container uagb-block-fndxqxwl alignfull uagb-is-root-container\"><div class=\"uagb-container-inner-blocks-wrap\">\n<div class=\"wp-block-uagb-advanced-heading uagb-block-dnx03e0d\"><h2 class=\"uagb-heading-text\">H\u00e4ufig gestellte Fragen<\/h2><p class=\"uagb-desc-text\">Hier finden Sie Antworten zu h\u00e4ufig gestellten Fragen zu unserem Produkt.<\/p><\/div>\n\n\n<div class=\"wp-block-uagb-faq uagb-faq__outer-wrap uagb-block-pmnlt8a0 uagb-faq-icon-row-reverse uagb-faq-layout-accordion uagb-faq-expand-first-true uagb-faq-inactive-other-true uagb-faq__wrap uagb-buttons-layout-wrap uagb-faq-equal-height     \" data-faqtoggle=\"true\" role=\"tablist\"><div class=\"wp-block-uagb-faq-child uagb-faq-child__outer-wrap uagb-faq-item uagb-block-5dqbzqjh \" role=\"tab\" tabindex=\"0\"><div class=\"uagb-faq-questions-button uagb-faq-questions\">\t\t\t<span class=\"uagb-icon uagb-faq-icon-wrap\">\n\t\t\t\t\t\t\t\t<svg xmlns=\"https:\/\/www.w3.org\/2000\/svg\" viewBox= \"0 0 448 512\"><path d=\"M432 256c0 17.69-14.33 32.01-32 32.01H256v144c0 17.69-14.33 31.99-32 31.99s-32-14.3-32-31.99v-144H48c-17.67 0-32-14.32-32-32.01s14.33-31.99 32-31.99H192v-144c0-17.69 14.33-32.01 32-32.01s32 14.32 32 32.01v144h144C417.7 224 432 238.3 432 256z\"><\/path><\/svg>\n\t\t\t\t\t\t\t<\/span>\n\t\t\t\t\t\t<span class=\"uagb-icon-active uagb-faq-icon-wrap\">\n\t\t\t\t\t\t\t\t<svg xmlns=\"https:\/\/www.w3.org\/2000\/svg\" viewBox= \"0 0 448 512\"><path d=\"M400 288h-352c-17.69 0-32-14.32-32-32.01s14.31-31.99 32-31.99h352c17.69 0 32 14.3 32 31.99S417.7 288 400 288z\"><\/path><\/svg>\n\t\t\t\t\t\t\t<\/span>\n\t\t\t<p class=\"uagb-question\">How can I place an order?<\/p><\/div><div class=\"uagb-faq-content\"><p>To place an order, simply browse our website, select your desired items, and proceed to the checkout page. Follow the prompts to provide your shipping and payment information, and your order will be processed.<\/p><\/div><\/div><div class=\"wp-block-uagb-faq-child uagb-faq-child__outer-wrap uagb-faq-item uagb-block-cawnh0ry \" role=\"tab\" tabindex=\"0\"><div class=\"uagb-faq-questions-button uagb-faq-questions\">\t\t\t<span class=\"uagb-icon uagb-faq-icon-wrap\">\n\t\t\t\t\t\t\t\t<svg xmlns=\"https:\/\/www.w3.org\/2000\/svg\" viewBox= \"0 0 448 512\"><path d=\"M432 256c0 17.69-14.33 32.01-32 32.01H256v144c0 17.69-14.33 31.99-32 31.99s-32-14.3-32-31.99v-144H48c-17.67 0-32-14.32-32-32.01s14.33-31.99 32-31.99H192v-144c0-17.69 14.33-32.01 32-32.01s32 14.32 32 32.01v144h144C417.7 224 432 238.3 432 256z\"><\/path><\/svg>\n\t\t\t\t\t\t\t<\/span>\n\t\t\t\t\t\t<span class=\"uagb-icon-active uagb-faq-icon-wrap\">\n\t\t\t\t\t\t\t\t<svg xmlns=\"https:\/\/www.w3.org\/2000\/svg\" viewBox= \"0 0 448 512\"><path d=\"M400 288h-352c-17.69 0-32-14.32-32-32.01s14.31-31.99 32-31.99h352c17.69 0 32 14.3 32 31.99S417.7 288 400 288z\"><\/path><\/svg>\n\t\t\t\t\t\t\t<\/span>\n\t\t\t<p class=\"uagb-question\">What payment methods do you accept?<\/p><\/div><div class=\"uagb-faq-content\"><p>We accept various payment methods, including credit\/debit cards, PayPal, and bank transfers. At checkout, you will have the option to choose your preferred payment method.<\/p><\/div><\/div><div class=\"wp-block-uagb-faq-child uagb-faq-child__outer-wrap uagb-faq-item uagb-block-9a1x3yao \" role=\"tab\" tabindex=\"0\"><div class=\"uagb-faq-questions-button uagb-faq-questions\">\t\t\t<span class=\"uagb-icon uagb-faq-icon-wrap\">\n\t\t\t\t\t\t\t\t<svg xmlns=\"https:\/\/www.w3.org\/2000\/svg\" viewBox= \"0 0 448 512\"><path d=\"M432 256c0 17.69-14.33 32.01-32 32.01H256v144c0 17.69-14.33 31.99-32 31.99s-32-14.3-32-31.99v-144H48c-17.67 0-32-14.32-32-32.01s14.33-31.99 32-31.99H192v-144c0-17.69 14.33-32.01 32-32.01s32 14.32 32 32.01v144h144C417.7 224 432 238.3 432 256z\"><\/path><\/svg>\n\t\t\t\t\t\t\t<\/span>\n\t\t\t\t\t\t<span class=\"uagb-icon-active uagb-faq-icon-wrap\">\n\t\t\t\t\t\t\t\t<svg xmlns=\"https:\/\/www.w3.org\/2000\/svg\" viewBox= \"0 0 448 512\"><path d=\"M400 288h-352c-17.69 0-32-14.32-32-32.01s14.31-31.99 32-31.99h352c17.69 0 32 14.3 32 31.99S417.7 288 400 288z\"><\/path><\/svg>\n\t\t\t\t\t\t\t<\/span>\n\t\t\t<p class=\"uagb-question\">How long does shipping take?<\/p><\/div><div class=\"uagb-faq-content\"><p>Shipping times vary depending on your location. Typically, orders are processed within 1-2 business days, and delivery can take anywhere from 3-10 business days. You will receive a tracking number once your order has been shipped.<\/p><\/div><\/div><div class=\"wp-block-uagb-faq-child uagb-faq-child__outer-wrap uagb-faq-item uagb-block-6maog98l \" role=\"tab\" tabindex=\"0\"><div class=\"uagb-faq-questions-button uagb-faq-questions\">\t\t\t<span class=\"uagb-icon uagb-faq-icon-wrap\">\n\t\t\t\t\t\t\t\t<svg xmlns=\"https:\/\/www.w3.org\/2000\/svg\" viewBox= \"0 0 448 512\"><path d=\"M432 256c0 17.69-14.33 32.01-32 32.01H256v144c0 17.69-14.33 31.99-32 31.99s-32-14.3-32-31.99v-144H48c-17.67 0-32-14.32-32-32.01s14.33-31.99 32-31.99H192v-144c0-17.69 14.33-32.01 32-32.01s32 14.32 32 32.01v144h144C417.7 224 432 238.3 432 256z\"><\/path><\/svg>\n\t\t\t\t\t\t\t<\/span>\n\t\t\t\t\t\t<span class=\"uagb-icon-active uagb-faq-icon-wrap\">\n\t\t\t\t\t\t\t\t<svg xmlns=\"https:\/\/www.w3.org\/2000\/svg\" viewBox= \"0 0 448 512\"><path d=\"M400 288h-352c-17.69 0-32-14.32-32-32.01s14.31-31.99 32-31.99h352c17.69 0 32 14.3 32 31.99S417.7 288 400 288z\"><\/path><\/svg>\n\t\t\t\t\t\t\t<\/span>\n\t\t\t<p class=\"uagb-question\">Do you offer international shipping?<\/p><\/div><div class=\"uagb-faq-content\"><p>Yes, we offer international shipping to selected countries. During the checkout process, you will be able to see if your country is eligible for shipping. Please note that additional customs fees or taxes may apply upon delivery, which are the responsibility of the recipient.<\/p><\/div><\/div><div class=\"wp-block-uagb-faq-child uagb-faq-child__outer-wrap uagb-faq-item uagb-block-xg5yrbbl \" role=\"tab\" tabindex=\"0\"><div class=\"uagb-faq-questions-button uagb-faq-questions\">\t\t\t<span class=\"uagb-icon uagb-faq-icon-wrap\">\n\t\t\t\t\t\t\t\t<svg xmlns=\"https:\/\/www.w3.org\/2000\/svg\" viewBox= \"0 0 448 512\"><path d=\"M432 256c0 17.69-14.33 32.01-32 32.01H256v144c0 17.69-14.33 31.99-32 31.99s-32-14.3-32-31.99v-144H48c-17.67 0-32-14.32-32-32.01s14.33-31.99 32-31.99H192v-144c0-17.69 14.33-32.01 32-32.01s32 14.32 32 32.01v144h144C417.7 224 432 238.3 432 256z\"><\/path><\/svg>\n\t\t\t\t\t\t\t<\/span>\n\t\t\t\t\t\t<span class=\"uagb-icon-active uagb-faq-icon-wrap\">\n\t\t\t\t\t\t\t\t<svg xmlns=\"https:\/\/www.w3.org\/2000\/svg\" viewBox= \"0 0 448 512\"><path d=\"M400 288h-352c-17.69 0-32-14.32-32-32.01s14.31-31.99 32-31.99h352c17.69 0 32 14.3 32 31.99S417.7 288 400 288z\"><\/path><\/svg>\n\t\t\t\t\t\t\t<\/span>\n\t\t\t<p class=\"uagb-question\">What is your return policy?<\/p><\/div><div class=\"uagb-faq-content\"><p>We have a 30-day return policy. If you are not satisfied with your purchase, you can return it for a refund or exchange within 30 days of receiving your order. Please reach out to our customer service team to initiate the return process.<\/p><\/div><\/div><div class=\"wp-block-uagb-faq-child uagb-faq-child__outer-wrap uagb-faq-item uagb-block-kofc2tlv \" role=\"tab\" tabindex=\"0\"><div class=\"uagb-faq-questions-button uagb-faq-questions\">\t\t\t<span class=\"uagb-icon uagb-faq-icon-wrap\">\n\t\t\t\t\t\t\t\t<svg xmlns=\"https:\/\/www.w3.org\/2000\/svg\" viewBox= \"0 0 448 512\"><path d=\"M432 256c0 17.69-14.33 32.01-32 32.01H256v144c0 17.69-14.33 31.99-32 31.99s-32-14.3-32-31.99v-144H48c-17.67 0-32-14.32-32-32.01s14.33-31.99 32-31.99H192v-144c0-17.69 14.33-32.01 32-32.01s32 14.32 32 32.01v144h144C417.7 224 432 238.3 432 256z\"><\/path><\/svg>\n\t\t\t\t\t\t\t<\/span>\n\t\t\t\t\t\t<span class=\"uagb-icon-active uagb-faq-icon-wrap\">\n\t\t\t\t\t\t\t\t<svg xmlns=\"https:\/\/www.w3.org\/2000\/svg\" viewBox= \"0 0 448 512\"><path d=\"M400 288h-352c-17.69 0-32-14.32-32-32.01s14.31-31.99 32-31.99h352c17.69 0 32 14.3 32 31.99S417.7 288 400 288z\"><\/path><\/svg>\n\t\t\t\t\t\t\t<\/span>\n\t\t\t<p class=\"uagb-question\">Can I track my order?<\/p><\/div><div class=\"uagb-faq-content\"><p>Yes, once your order has been shipped, you will receive a tracking number via email. You can use this tracking number to track the progress of your shipment on our website or the couriers website.<\/p><\/div><\/div><\/div><\/div><\/div>\n","protected":false},"excerpt":{"rendered":"<p>Service Hier finden Sie alle Informaitonen zum Support und wie Sie mit uns in Kontakt treten k\u00f6nnen. Wie k\u00f6nnen wir Ihnen weiterhelfen? Ansprechpartner Haben Sie Fragen zum Produkt oder m\u00f6chten mit uns pers\u00f6nlich in Kontakt treten? Ansprechpartner finden Kundensupport Unterst\u00fctzung f\u00fcr bestehende Kunden bei technischen Problemen. Zum Support Center Hilfe-Ressourcen Lernressourcen und Videos wie Sie [&hellip;]<\/p>\n","protected":false},"author":2,"featured_media":0,"parent":0,"menu_order":0,"comment_status":"closed","ping_status":"closed","template":"","meta":{"_uag_custom_page_level_css":"","site-sidebar-layout":"default","site-content-layout":"","ast-site-content-layout":"default","site-content-style":"default","site-sidebar-style":"default","ast-global-header-display":"","ast-banner-title-visibility":"","ast-main-header-display":"","ast-hfb-above-header-display":"","ast-hfb-below-header-display":"","ast-hfb-mobile-header-display":"","site-post-title":"disabled","ast-breadcrumbs-content":"","ast-featured-img":"","footer-sml-layout":"","theme-transparent-header-meta":"","adv-header-id-meta":"","stick-header-meta":"","header-above-stick-meta":"","header-main-stick-meta":"","header-below-stick-meta":"","astra-migrate-meta-layouts":"set","ast-page-background-enabled":"default","ast-page-background-meta":{"desktop":{"background-color":"var(--ast-global-color-4)","background-image":"","background-repeat":"repeat","background-position":"center center","background-size":"auto","background-attachment":"scroll","background-type":"","background-media":"","overlay-type":"","overlay-color":"","overlay-opacity":"","overlay-gradient":""},"tablet":{"background-color":"","background-image":"","background-repeat":"repeat","background-position":"center center","background-size":"auto","background-attachment":"scroll","background-type":"","background-media":"","overlay-type":"","overlay-color":"","overlay-opacity":"","overlay-gradient":""},"mobile":{"background-color":"","background-image":"","background-repeat":"repeat","background-position":"center center","background-size":"auto","background-attachment":"scroll","background-type":"","background-media":"","overlay-type":"","overlay-color":"","overlay-opacity":"","overlay-gradient":""}},"ast-content-background-meta":{"desktop":{"background-color":"var(--ast-global-color-5)","background-image":"","background-repeat":"repeat","background-position":"center center","background-size":"auto","background-attachment":"scroll","background-type":"","background-media":"","overlay-type":"","overlay-color":"","overlay-opacity":"","overlay-gradient":""},"tablet":{"background-color":"var(--ast-global-color-5)","background-image":"","background-repeat":"repeat","background-position":"center center","background-size":"auto","background-attachment":"scroll","background-type":"","background-media":"","overlay-type":"","overlay-color":"","overlay-opacity":"","overlay-gradient":""},"mobile":{"background-color":"var(--ast-global-color-5)","background-image":"","background-repeat":"repeat","background-position":"center center","background-size":"auto","background-attachment":"scroll","background-type":"","background-media":"","overlay-type":"","overlay-color":"","overlay-opacity":"","overlay-gradient":""}},"footnotes":""},"class_list":["post-1901","page","type-page","status-publish","hentry"],"uagb_featured_image_src":{"full":false,"thumbnail":false,"medium":false,"medium_large":false,"large":false,"1536x1536":false,"2048x2048":false},"uagb_author_info":{"display_name":"Markus Baumgartner","author_link":"https:\/\/landingpage-mason.vinitor.app\/author\/m-baumgartner\/"},"uagb_comment_info":0,"uagb_excerpt":"Service Hier finden Sie alle Informaitonen zum Support und wie Sie mit uns in Kontakt treten k\u00f6nnen. Wie k\u00f6nnen wir Ihnen weiterhelfen? Ansprechpartner Haben Sie Fragen zum Produkt oder m\u00f6chten mit uns pers\u00f6nlich in Kontakt treten? Ansprechpartner finden Kundensupport Unterst\u00fctzung f\u00fcr bestehende Kunden bei technischen Problemen. Zum Support Center Hilfe-Ressourcen Lernressourcen und Videos wie Sie&hellip;","_links":{"self":[{"href":"https:\/\/landingpage-mason.vinitor.app\/wp-json\/wp\/v2\/pages\/1901","targetHints":{"allow":["GET"]}}],"collection":[{"href":"https:\/\/landingpage-mason.vinitor.app\/wp-json\/wp\/v2\/pages"}],"about":[{"href":"https:\/\/landingpage-mason.vinitor.app\/wp-json\/wp\/v2\/types\/page"}],"author":[{"embeddable":true,"href":"https:\/\/landingpage-mason.vinitor.app\/wp-json\/wp\/v2\/users\/2"}],"replies":[{"embeddable":true,"href":"https:\/\/landingpage-mason.vinitor.app\/wp-json\/wp\/v2\/comments?post=1901"}],"version-history":[{"count":13,"href":"https:\/\/landingpage-mason.vinitor.app\/wp-json\/wp\/v2\/pages\/1901\/revisions"}],"predecessor-version":[{"id":2524,"href":"https:\/\/landingpage-mason.vinitor.app\/wp-json\/wp\/v2\/pages\/1901\/revisions\/2524"}],"wp:attachment":[{"href":"https:\/\/landingpage-mason.vinitor.app\/wp-json\/wp\/v2\/media?parent=1901"}],"curies":[{"name":"wp","href":"https:\/\/api.w.org\/{rel}","templated":true}]}}