{"id":2571,"date":"2024-10-24T15:43:01","date_gmt":"2024-10-24T14:43:01","guid":{"rendered":"https:\/\/landingpage-mason.vinitor.app\/de\/?page_id=2571"},"modified":"2024-10-29T15:26:24","modified_gmt":"2024-10-29T14:26:24","slug":"statistics","status":"publish","type":"page","link":"https:\/\/landingpage-mason.vinitor.app\/statistics\/","title":{"rendered":"Statistiken"},"content":{"rendered":"\n<div class=\"wp-block-uagb-container uagb-block-z8c59ylv alignfull uagb-is-root-container\"><div class=\"uagb-container-inner-blocks-wrap\">\n<div class=\"wp-block-uagb-image uagb-block-2jsgzcfl wp-block-uagb-image--layout-default wp-block-uagb-image--effect-static wp-block-uagb-image--align-none\"><figure class=\"wp-block-uagb-image__figure\"><img decoding=\"async\" srcset=\"https:\/\/landingpage-mason.vinitor.app\/wp-content\/uploads\/2024\/10\/Statistiken-1024x768.webp ,https:\/\/landingpage-mason.vinitor.app\/wp-content\/uploads\/2024\/10\/Statistiken.webp 780w, https:\/\/landingpage-mason.vinitor.app\/wp-content\/uploads\/2024\/10\/Statistiken.webp 360w\" sizes=\"auto, (max-width: 480px) 150px\" src=\"https:\/\/landingpage-mason.vinitor.app\/wp-content\/uploads\/2024\/10\/Statistiken-1024x768.webp\" alt=\"\" class=\"uag-image-2603\" width=\"800\" height=\"600\" title=\"Statistiken\" loading=\"lazy\" role=\"img\"\/><\/figure><\/div>\n\n\n\n<div class=\"wp-block-uagb-info-box uagb-block-grr6wkmv uagb-infobox__content-wrap  uagb-infobox-icon-above-title uagb-infobox-image-valign-top\"><div class=\"uagb-ifb-content\"><div class=\"uagb-ifb-title-wrap\"><p class=\"uagb-ifb-title-prefix\">Web-Dashboard<\/p><h1 class=\"uagb-ifb-title\">Statistiken<\/h1><\/div><p class=\"uagb-ifb-desc\">In this page header section, you can provide details about the purpose of the page. This helps users quickly understand what to expect from the page content.<\/p><\/div><\/div>\n<\/div><\/div>\n\n\n\n<div class=\"wp-block-uagb-container uagb-block-lzsc2rhj alignfull uagb-is-root-container\"><div class=\"uagb-container-inner-blocks-wrap\">\n<div class=\"wp-block-uagb-info-box uagb-block-ftza0pxv uagb-infobox__content-wrap  uagb-infobox-icon-above-title uagb-infobox-image-valign-top\"><div class=\"uagb-ifb-content\"><div class=\"uagb-ifb-title-wrap\"><h2 class=\"uagb-ifb-title\">About Our Company and Our People<\/h2><\/div><\/div><\/div>\n\n\n\n<div class=\"wp-block-uagb-container uagb-block-54wempyk\">\n<div class=\"wp-block-uagb-info-box uagb-block-nyfepixd uagb-infobox__content-wrap  uagb-infobox-icon-above-title uagb-infobox-image-valign-top\"><div class=\"uagb-ifb-content\"><div class=\"uagb-ifb-title-wrap\"><p class=\"uagb-ifb-title\">Our company is built on the foundation of empowering individuals and helping them unlock their full potential. We understand that each person is unique and has their own dreams and aspirations. That\\&#8217;s why we offer personalized solutions and support tailored to each individual\\&#8217;s needs and goals. Our dedicated team of experts is always ready to go the extra mile to ensure the success and satisfaction of our clients.<\/p><\/div><p class=\"uagb-ifb-desc\">With years of experience in the industry, our company has established a strong reputation for excellence and reliability. We have a proven track record of delivering outstanding results and have helped countless individuals achieve their dreams. Our commitment to continuous learning and innovation ensures that we stay ahead of the curve and provide the best solutions for our clients. Choose our company and let us be your partner in success.<\/p><\/div><\/div>\n\n\n\n<div class=\"wp-block-uagb-container uagb-block-vobsuzb8\">\n<div class=\"wp-block-uagb-info-box uagb-block-u30ujle8 uagb-infobox__content-wrap  uagb-infobox-icon-left-title uagb-infobox-left uagb-infobox-image-valign-middle\"><div class=\"uagb-ifb-content\"><div class=\"uagb-ifb-left-title-image\"><div class=\"uagb-ifb-icon-wrap\"><svg xmlns=\"https:\/\/www.w3.org\/2000\/svg\" viewBox=\"0 0 448 512\"><path d=\"M438.6 105.4C451.1 117.9 451.1 138.1 438.6 150.6L182.6 406.6C170.1 419.1 149.9 419.1 137.4 406.6L9.372 278.6C-3.124 266.1-3.124 245.9 9.372 233.4C21.87 220.9 42.13 220.9 54.63 233.4L159.1 338.7L393.4 105.4C405.9 92.88 426.1 92.88 438.6 105.4H438.6z\"><\/path><\/svg><\/div><div class=\"uagb-ifb-title-wrap\"><p class=\"uagb-ifb-title\">Innovation-driven Solutions<\/p><\/div><\/div><p class=\"uagb-ifb-desc\">Our innovative solutions are designed to address the unique needs of our clients and drive success.<\/p><div class=\"uagb-ifb-separator\"><\/div><\/div><\/div>\n\n\n\n<div class=\"wp-block-uagb-info-box uagb-block-bddze2ig uagb-infobox__content-wrap  uagb-infobox-icon-left-title uagb-infobox-left uagb-infobox-image-valign-middle\"><div class=\"uagb-ifb-content\"><div class=\"uagb-ifb-left-title-image\"><div class=\"uagb-ifb-icon-wrap\"><svg xmlns=\"https:\/\/www.w3.org\/2000\/svg\" viewBox=\"0 0 448 512\"><path d=\"M438.6 105.4C451.1 117.9 451.1 138.1 438.6 150.6L182.6 406.6C170.1 419.1 149.9 419.1 137.4 406.6L9.372 278.6C-3.124 266.1-3.124 245.9 9.372 233.4C21.87 220.9 42.13 220.9 54.63 233.4L159.1 338.7L393.4 105.4C405.9 92.88 426.1 92.88 438.6 105.4H438.6z\"><\/path><\/svg><\/div><div class=\"uagb-ifb-title-wrap\"><p class=\"uagb-ifb-title\">Personalized Approach<\/p><\/div><\/div><p class=\"uagb-ifb-desc\">We take a personalized approach to ensure that every individual receives tailored support and guidance.<\/p><div class=\"uagb-ifb-separator\"><\/div><\/div><\/div>\n\n\n\n<div class=\"wp-block-uagb-info-box uagb-block-5snvoc0z uagb-infobox__content-wrap  uagb-infobox-icon-left-title uagb-infobox-left uagb-infobox-image-valign-middle\"><div class=\"uagb-ifb-content\"><div class=\"uagb-ifb-left-title-image\"><div class=\"uagb-ifb-icon-wrap\"><svg xmlns=\"https:\/\/www.w3.org\/2000\/svg\" viewBox=\"0 0 448 512\"><path d=\"M438.6 105.4C451.1 117.9 451.1 138.1 438.6 150.6L182.6 406.6C170.1 419.1 149.9 419.1 137.4 406.6L9.372 278.6C-3.124 266.1-3.124 245.9 9.372 233.4C21.87 220.9 42.13 220.9 54.63 233.4L159.1 338.7L393.4 105.4C405.9 92.88 426.1 92.88 438.6 105.4H438.6z\"><\/path><\/svg><\/div><div class=\"uagb-ifb-title-wrap\"><p class=\"uagb-ifb-title\">Superior Customer Service<\/p><\/div><\/div><p class=\"uagb-ifb-desc\">Our team is dedicated to providing superior customer service and ensuring complete satisfaction.<\/p><div class=\"uagb-ifb-separator\"><\/div><\/div><\/div>\n<\/div>\n<\/div>\n<\/div><\/div>\n\n\n\n<div class=\"wp-block-uagb-container uagb-block-w5cddzgb alignfull uagb-is-root-container\"><div class=\"uagb-container-inner-blocks-wrap\">\n<div class=\"wp-block-uagb-container uagb-layout-grid uagb-block-go9xlv6g\">\n<div class=\"wp-block-uagb-container uagb-layout-grid uagb-block-mchgpwaq\">\n<div class=\"wp-block-uagb-image alignleft uagb-block-mpohs8es wp-block-uagb-image--layout-default wp-block-uagb-image--effect-static wp-block-uagb-image--align-left\"><figure class=\"wp-block-uagb-image__figure\"><img decoding=\"async\" srcset=\"https:\/\/websitedemos.net\/wp-content\/uploads\/2023\/10\/snow-mountains-01-1024x683.jpg ,https:\/\/websitedemos.net\/wp-content\/uploads\/2023\/10\/snow-mountains-01-1024x683.jpg 780w\" sizes=\"auto, (max-width: 480px) 150px\" src=\"https:\/\/websitedemos.net\/wp-content\/uploads\/2023\/10\/snow-mountains-01-1024x683.jpg\" alt=\"\" class=\"uag-image-80577\" width=\"588\" height=\"393\" title=\"\" loading=\"lazy\" role=\"img\"\/><\/figure><\/div>\n\n\n\n<div class=\"wp-block-uagb-image alignleft uagb-block-l5gapoy8 wp-block-uagb-image--layout-default wp-block-uagb-image--effect-static wp-block-uagb-image--align-left\"><figure class=\"wp-block-uagb-image__figure\"><img decoding=\"async\" srcset=\"https:\/\/websitedemos.net\/wp-content\/uploads\/2023\/10\/mountains-01-1024x683.jpg ,https:\/\/websitedemos.net\/wp-content\/uploads\/2023\/10\/mountains-01-1024x683.jpg 780w\" sizes=\"auto, (max-width: 480px) 150px\" src=\"https:\/\/websitedemos.net\/wp-content\/uploads\/2023\/10\/mountains-01-1024x683.jpg\" alt=\"\" class=\"uag-image-80571\" width=\"588\" height=\"393\" title=\"\" loading=\"lazy\" role=\"img\"\/><\/figure><\/div>\n<\/div>\n<\/div>\n<\/div><\/div>\n\n\n\n<div class=\"wp-block-uagb-container uagb-block-8282622a alignfull uagb-is-root-container\"><div class=\"uagb-container-inner-blocks-wrap\">\n<div class=\"wp-block-uagb-info-box uagb-block-21a5a84f uagb-infobox__content-wrap  uagb-infobox-icon-above-title uagb-infobox-image-valign-top\"><div class=\"uagb-ifb-content\"><div class=\"uagb-ifb-title-wrap\"><p class=\"uagb-ifb-title\">Our company is built on the foundation of empowering individuals and helping them unlock their full potential. We understand that each person is unique and has their own dreams and aspirations. That\\&#8217;s why we offer personalized solutions and support tailored to each individual\\&#8217;s needs and goals. Our dedicated team of experts is always ready to go the extra mile to ensure the success and satisfaction of our clients.<br>With years of experience in the industry, our company has established a strong reputation for excellence and reliability. We have a proven track record of delivering outstanding results and have helped countless individuals achieve their dreams. Our commitment to continuous learning and innovation ensures that we stay ahead of the curve and provide the best solutions for our clients. Choose our company and let us be your partner in success.Our company is built on the foundation of empowering individuals and helping them unlock their full potential. We understand that each person is unique and has their own dreams and aspirations. That\\&#8217;s why we offer personalized solutions and support tailored to each individual\\&#8217;s needs and goals. Our dedicated team of experts is always ready to go the extra mile to ensure the success and satisfaction of our clients.<\/p><\/div><p class=\"uagb-ifb-desc\">With years of experience in the industry, our company has established a strong reputation for excellence and reliability. We have a proven track record of delivering outstanding results and have helped countless individuals achieve their dreams. Our commitment to continuous learning and innovation ensures that we stay ahead of the curve and provide the best solutions for our clients. Choose our company and let us be your partner in success.<\/p><\/div><\/div>\n\n\n\n<div class=\"wp-block-uagb-info-box uagb-block-7804e17f uagb-infobox__content-wrap  uagb-infobox-icon-above-title uagb-infobox-image-valign-top\"><div class=\"uagb-ifb-content\"><div class=\"uagb-ifb-title-wrap\"><p class=\"uagb-ifb-title\">Our company is built on the foundation of empowering individuals and helping them unlock their full potential. We understand that each person is unique and has their own dreams and aspirations. That\\&#8217;s why we offer personalized solutions and support tailored to each individual\\&#8217;s needs and goals. Our dedicated team of experts is always ready to go the extra mile to ensure the success and satisfaction of our clients.<br>With years of experience in the industry, our company has established a strong reputation for excellence and reliability. We have a proven track record of delivering outstanding results and have helped countless individuals achieve their dreams. Our commitment to continuous learning and innovation ensures that we stay ahead of the curve and provide the best solutions for our clients. Choose our company and let us be your partner in success.Our company is built on the foundation of empowering individuals and helping them unlock their full potential. We understand that each person is unique and has their own dreams and aspirations. That\\&#8217;s why we offer personalized solutions and support tailored to each individual\\&#8217;s needs and goals. Our dedicated team of experts is always ready to go the extra mile to ensure the success and satisfaction of our clients.<\/p><\/div><p class=\"uagb-ifb-desc\">With years of experience in the industry, our company has established a strong reputation for excellence and reliability. We have a proven track record of delivering outstanding results and have helped countless individuals achieve their dreams. Our commitment to continuous learning and innovation ensures that we stay ahead of the curve and provide the best solutions for our clients. Choose our company and let us be your partner in success.<\/p><\/div><\/div>\n<\/div><\/div>\n\n\n\n<div class=\"wp-block-uagb-container uagb-block-dmwzypbp alignfull uagb-is-root-container\"><div class=\"uagb-container-inner-blocks-wrap\">\n<div class=\"wp-block-uagb-container uagb-layout-grid uagb-block-tsz4sx3r\">\n<div class=\"wp-block-uagb-info-box uagb-block-iyk4p9bz uagb-infobox__content-wrap  uagb-infobox-icon-above-title uagb-infobox-image-valign-top wp-block-uagb-info-box--has-margin\"><div class=\"uagb-infobox-margin-wrapper\"><div class=\"uagb-ifb-content\"><div class=\"uagb-ifb-title-wrap\"><h2 class=\"uagb-ifb-title\">Machen Sie Ihren Betrieb fit f\u00fcrs digitale Zeitalter!<\/h2><\/div><p class=\"uagb-ifb-desc\">Noch nicht \u00dcberzeugt? <strong>Testen Sie Vinitor mit allen Funktionen f\u00fcr 14 Tage kostenlos!<\/strong> Werfen Sie au\u00dferdem einen Blick auf unsere transparente Preis\u00fcbersicht um sp\u00e4ter die passenden Module f\u00fcr Ihren Betrieb zu w\u00e4hlen.<\/p><\/div><\/div><\/div>\n\n\n\n<div class=\"wp-block-uagb-buttons uagb-buttons__outer-wrap uagb-btn__default-btn uagb-btn-tablet__default-btn uagb-btn-mobile__default-btn uagb-block-zqtttydd\"><div class=\"uagb-buttons__wrap uagb-buttons-layout-wrap \">\n<div class=\"wp-block-uagb-buttons-child uagb-buttons__outer-wrap uagb-block-bunpipnw wp-block-button\"><div class=\"uagb-button__wrapper\"><a class=\"uagb-buttons-repeater ast-outline-button\" aria-label=\"\" style=\"border-width:revert-layer\" href=\"#\" rel=\"follow noopener\" target=\"_self\" role=\"button\"><div class=\"uagb-button__link\">Preis\u00fcbersicht<\/div><\/a><\/div><\/div>\n\n\n\n<div class=\"wp-block-uagb-buttons-child uagb-buttons__outer-wrap uagb-block-diasujgl wp-block-button\"><div class=\"uagb-button__wrapper\"><a class=\"uagb-buttons-repeater wp-block-button__link\" aria-label=\"\" href=\"#\" rel=\"follow noopener\" target=\"_self\" role=\"button\"><div class=\"uagb-button__link\">Jetzt testen<\/div><\/a><\/div><\/div>\n<\/div><\/div>\n<\/div>\n<\/div><\/div>\n\n\n\n<div class=\"wp-block-uagb-container uagb-block-uucluoyb alignfull uagb-is-root-container\"><div class=\"uagb-container-inner-blocks-wrap\">\n<div class=\"wp-block-uagb-advanced-heading uagb-block-z0wgyhuh\"><h2 class=\"uagb-heading-text\">Fragen &amp; Antworten<\/h2><p class=\"uagb-desc-text\">Hier finden Sie schnelle Antworten zu Fragen zur \u00dcbersichtskarte und Schlagkartei<\/p><\/div>\n\n\n<div class=\"wp-block-uagb-faq uagb-faq__outer-wrap uagb-block-u8ade6mt uagb-faq-icon-row-reverse uagb-faq-layout-accordion uagb-faq-expand-first-true uagb-faq-inactive-other-true uagb-faq__wrap uagb-buttons-layout-wrap uagb-faq-equal-height     \" data-faqtoggle=\"true\" role=\"tablist\"><div class=\"wp-block-uagb-faq-child uagb-faq-child__outer-wrap uagb-faq-item uagb-block-dfsfooqx \" role=\"tab\" tabindex=\"0\"><div class=\"uagb-faq-questions-button uagb-faq-questions\">\t\t\t<span class=\"uagb-icon uagb-faq-icon-wrap\">\n\t\t\t\t\t\t\t\t<svg xmlns=\"https:\/\/www.w3.org\/2000\/svg\" viewBox= \"0 0 448 512\"><path d=\"M432 256c0 17.69-14.33 32.01-32 32.01H256v144c0 17.69-14.33 31.99-32 31.99s-32-14.3-32-31.99v-144H48c-17.67 0-32-14.32-32-32.01s14.33-31.99 32-31.99H192v-144c0-17.69 14.33-32.01 32-32.01s32 14.32 32 32.01v144h144C417.7 224 432 238.3 432 256z\"><\/path><\/svg>\n\t\t\t\t\t\t\t<\/span>\n\t\t\t\t\t\t<span class=\"uagb-icon-active uagb-faq-icon-wrap\">\n\t\t\t\t\t\t\t\t<svg xmlns=\"https:\/\/www.w3.org\/2000\/svg\" viewBox= \"0 0 448 512\"><path d=\"M400 288h-352c-17.69 0-32-14.32-32-32.01s14.31-31.99 32-31.99h352c17.69 0 32 14.3 32 31.99S417.7 288 400 288z\"><\/path><\/svg>\n\t\t\t\t\t\t\t<\/span>\n\t\t\t<p class=\"uagb-question\">How can I place an order?<\/p><\/div><div class=\"uagb-faq-content\"><p>To place an order, simply browse our website, select your desired items, and proceed to the checkout page. Follow the prompts to provide your shipping and payment information, and your order will be processed.<\/p><\/div><\/div><div class=\"wp-block-uagb-faq-child uagb-faq-child__outer-wrap uagb-faq-item uagb-block-n3wvtaeh \" role=\"tab\" tabindex=\"0\"><div class=\"uagb-faq-questions-button uagb-faq-questions\">\t\t\t<span class=\"uagb-icon uagb-faq-icon-wrap\">\n\t\t\t\t\t\t\t\t<svg xmlns=\"https:\/\/www.w3.org\/2000\/svg\" viewBox= \"0 0 448 512\"><path d=\"M432 256c0 17.69-14.33 32.01-32 32.01H256v144c0 17.69-14.33 31.99-32 31.99s-32-14.3-32-31.99v-144H48c-17.67 0-32-14.32-32-32.01s14.33-31.99 32-31.99H192v-144c0-17.69 14.33-32.01 32-32.01s32 14.32 32 32.01v144h144C417.7 224 432 238.3 432 256z\"><\/path><\/svg>\n\t\t\t\t\t\t\t<\/span>\n\t\t\t\t\t\t<span class=\"uagb-icon-active uagb-faq-icon-wrap\">\n\t\t\t\t\t\t\t\t<svg xmlns=\"https:\/\/www.w3.org\/2000\/svg\" viewBox= \"0 0 448 512\"><path d=\"M400 288h-352c-17.69 0-32-14.32-32-32.01s14.31-31.99 32-31.99h352c17.69 0 32 14.3 32 31.99S417.7 288 400 288z\"><\/path><\/svg>\n\t\t\t\t\t\t\t<\/span>\n\t\t\t<p class=\"uagb-question\">What payment methods do you accept?<\/p><\/div><div class=\"uagb-faq-content\"><p>We accept various payment methods, including credit\/debit cards, PayPal, and bank transfers. At checkout, you will have the option to choose your preferred payment method.<\/p><\/div><\/div><div class=\"wp-block-uagb-faq-child uagb-faq-child__outer-wrap uagb-faq-item uagb-block-kiq8xi5u \" role=\"tab\" tabindex=\"0\"><div class=\"uagb-faq-questions-button uagb-faq-questions\">\t\t\t<span class=\"uagb-icon uagb-faq-icon-wrap\">\n\t\t\t\t\t\t\t\t<svg xmlns=\"https:\/\/www.w3.org\/2000\/svg\" viewBox= \"0 0 448 512\"><path d=\"M432 256c0 17.69-14.33 32.01-32 32.01H256v144c0 17.69-14.33 31.99-32 31.99s-32-14.3-32-31.99v-144H48c-17.67 0-32-14.32-32-32.01s14.33-31.99 32-31.99H192v-144c0-17.69 14.33-32.01 32-32.01s32 14.32 32 32.01v144h144C417.7 224 432 238.3 432 256z\"><\/path><\/svg>\n\t\t\t\t\t\t\t<\/span>\n\t\t\t\t\t\t<span class=\"uagb-icon-active uagb-faq-icon-wrap\">\n\t\t\t\t\t\t\t\t<svg xmlns=\"https:\/\/www.w3.org\/2000\/svg\" viewBox= \"0 0 448 512\"><path d=\"M400 288h-352c-17.69 0-32-14.32-32-32.01s14.31-31.99 32-31.99h352c17.69 0 32 14.3 32 31.99S417.7 288 400 288z\"><\/path><\/svg>\n\t\t\t\t\t\t\t<\/span>\n\t\t\t<p class=\"uagb-question\">How long does shipping take?<\/p><\/div><div class=\"uagb-faq-content\"><p>Shipping times vary depending on your location. Typically, orders are processed within 1-2 business days, and delivery can take anywhere from 3-10 business days. You will receive a tracking number once your order has been shipped.<\/p><\/div><\/div><div class=\"wp-block-uagb-faq-child uagb-faq-child__outer-wrap uagb-faq-item uagb-block-ixpre97v \" role=\"tab\" tabindex=\"0\"><div class=\"uagb-faq-questions-button uagb-faq-questions\">\t\t\t<span class=\"uagb-icon uagb-faq-icon-wrap\">\n\t\t\t\t\t\t\t\t<svg xmlns=\"https:\/\/www.w3.org\/2000\/svg\" viewBox= \"0 0 448 512\"><path d=\"M432 256c0 17.69-14.33 32.01-32 32.01H256v144c0 17.69-14.33 31.99-32 31.99s-32-14.3-32-31.99v-144H48c-17.67 0-32-14.32-32-32.01s14.33-31.99 32-31.99H192v-144c0-17.69 14.33-32.01 32-32.01s32 14.32 32 32.01v144h144C417.7 224 432 238.3 432 256z\"><\/path><\/svg>\n\t\t\t\t\t\t\t<\/span>\n\t\t\t\t\t\t<span class=\"uagb-icon-active uagb-faq-icon-wrap\">\n\t\t\t\t\t\t\t\t<svg xmlns=\"https:\/\/www.w3.org\/2000\/svg\" viewBox= \"0 0 448 512\"><path d=\"M400 288h-352c-17.69 0-32-14.32-32-32.01s14.31-31.99 32-31.99h352c17.69 0 32 14.3 32 31.99S417.7 288 400 288z\"><\/path><\/svg>\n\t\t\t\t\t\t\t<\/span>\n\t\t\t<p class=\"uagb-question\">Do you offer international shipping?<\/p><\/div><div class=\"uagb-faq-content\"><p>Yes, we offer international shipping to selected countries. During the checkout process, you will be able to see if your country is eligible for shipping. Please note that additional customs fees or taxes may apply upon delivery, which are the responsibility of the recipient.<\/p><\/div><\/div><div class=\"wp-block-uagb-faq-child uagb-faq-child__outer-wrap uagb-faq-item uagb-block-jrrwaete \" role=\"tab\" tabindex=\"0\"><div class=\"uagb-faq-questions-button uagb-faq-questions\">\t\t\t<span class=\"uagb-icon uagb-faq-icon-wrap\">\n\t\t\t\t\t\t\t\t<svg xmlns=\"https:\/\/www.w3.org\/2000\/svg\" viewBox= \"0 0 448 512\"><path d=\"M432 256c0 17.69-14.33 32.01-32 32.01H256v144c0 17.69-14.33 31.99-32 31.99s-32-14.3-32-31.99v-144H48c-17.67 0-32-14.32-32-32.01s14.33-31.99 32-31.99H192v-144c0-17.69 14.33-32.01 32-32.01s32 14.32 32 32.01v144h144C417.7 224 432 238.3 432 256z\"><\/path><\/svg>\n\t\t\t\t\t\t\t<\/span>\n\t\t\t\t\t\t<span class=\"uagb-icon-active uagb-faq-icon-wrap\">\n\t\t\t\t\t\t\t\t<svg xmlns=\"https:\/\/www.w3.org\/2000\/svg\" viewBox= \"0 0 448 512\"><path d=\"M400 288h-352c-17.69 0-32-14.32-32-32.01s14.31-31.99 32-31.99h352c17.69 0 32 14.3 32 31.99S417.7 288 400 288z\"><\/path><\/svg>\n\t\t\t\t\t\t\t<\/span>\n\t\t\t<p class=\"uagb-question\">What is your return policy?<\/p><\/div><div class=\"uagb-faq-content\"><p>We have a 30-day return policy. If you are not satisfied with your purchase, you can return it for a refund or exchange within 30 days of receiving your order. Please reach out to our customer service team to initiate the return process.<\/p><\/div><\/div><div class=\"wp-block-uagb-faq-child uagb-faq-child__outer-wrap uagb-faq-item uagb-block-hyfrhjcu \" role=\"tab\" tabindex=\"0\"><div class=\"uagb-faq-questions-button uagb-faq-questions\">\t\t\t<span class=\"uagb-icon uagb-faq-icon-wrap\">\n\t\t\t\t\t\t\t\t<svg xmlns=\"https:\/\/www.w3.org\/2000\/svg\" viewBox= \"0 0 448 512\"><path d=\"M432 256c0 17.69-14.33 32.01-32 32.01H256v144c0 17.69-14.33 31.99-32 31.99s-32-14.3-32-31.99v-144H48c-17.67 0-32-14.32-32-32.01s14.33-31.99 32-31.99H192v-144c0-17.69 14.33-32.01 32-32.01s32 14.32 32 32.01v144h144C417.7 224 432 238.3 432 256z\"><\/path><\/svg>\n\t\t\t\t\t\t\t<\/span>\n\t\t\t\t\t\t<span class=\"uagb-icon-active uagb-faq-icon-wrap\">\n\t\t\t\t\t\t\t\t<svg xmlns=\"https:\/\/www.w3.org\/2000\/svg\" viewBox= \"0 0 448 512\"><path d=\"M400 288h-352c-17.69 0-32-14.32-32-32.01s14.31-31.99 32-31.99h352c17.69 0 32 14.3 32 31.99S417.7 288 400 288z\"><\/path><\/svg>\n\t\t\t\t\t\t\t<\/span>\n\t\t\t<p class=\"uagb-question\">Can I track my order?<\/p><\/div><div class=\"uagb-faq-content\"><p>Yes, once your order has been shipped, you will receive a tracking number via email. You can use this tracking number to track the progress of your shipment on our website or the couriers website.<\/p><\/div><\/div><\/div><\/div><\/div>\n","protected":false},"excerpt":{"rendered":"<p>Fragen &amp; Antworten Hier finden Sie schnelle Antworten zu Fragen zur \u00dcbersichtskarte und Schlagkartei<\/p>\n","protected":false},"author":2,"featured_media":0,"parent":0,"menu_order":0,"comment_status":"closed","ping_status":"closed","template":"","meta":{"_uag_custom_page_level_css":"","site-sidebar-layout":"default","site-content-layout":"","ast-site-content-layout":"default","site-content-style":"default","site-sidebar-style":"default","ast-global-header-display":"","ast-banner-title-visibility":"","ast-main-header-display":"","ast-hfb-above-header-display":"","ast-hfb-below-header-display":"","ast-hfb-mobile-header-display":"","site-post-title":"disabled","ast-breadcrumbs-content":"","ast-featured-img":"","footer-sml-layout":"","theme-transparent-header-meta":"","adv-header-id-meta":"","stick-header-meta":"","header-above-stick-meta":"","header-main-stick-meta":"","header-below-stick-meta":"","astra-migrate-meta-layouts":"set","ast-page-background-enabled":"default","ast-page-background-meta":{"desktop":{"background-color":"var(--ast-global-color-4)","background-image":"","background-repeat":"repeat","background-position":"center center","background-size":"auto","background-attachment":"scroll","background-type":"","background-media":"","overlay-type":"","overlay-color":"","overlay-opacity":"","overlay-gradient":""},"tablet":{"background-color":"","background-image":"","background-repeat":"repeat","background-position":"center center","background-size":"auto","background-attachment":"scroll","background-type":"","background-media":"","overlay-type":"","overlay-color":"","overlay-opacity":"","overlay-gradient":""},"mobile":{"background-color":"","background-image":"","background-repeat":"repeat","background-position":"center center","background-size":"auto","background-attachment":"scroll","background-type":"","background-media":"","overlay-type":"","overlay-color":"","overlay-opacity":"","overlay-gradient":""}},"ast-content-background-meta":{"desktop":{"background-color":"var(--ast-global-color-5)","background-image":"","background-repeat":"repeat","background-position":"center center","background-size":"auto","background-attachment":"scroll","background-type":"","background-media":"","overlay-type":"","overlay-color":"","overlay-opacity":"","overlay-gradient":""},"tablet":{"background-color":"var(--ast-global-color-5)","background-image":"","background-repeat":"repeat","background-position":"center center","background-size":"auto","background-attachment":"scroll","background-type":"","background-media":"","overlay-type":"","overlay-color":"","overlay-opacity":"","overlay-gradient":""},"mobile":{"background-color":"var(--ast-global-color-5)","background-image":"","background-repeat":"repeat","background-position":"center center","background-size":"auto","background-attachment":"scroll","background-type":"","background-media":"","overlay-type":"","overlay-color":"","overlay-opacity":"","overlay-gradient":""}},"footnotes":""},"class_list":["post-2571","page","type-page","status-publish","hentry"],"uagb_featured_image_src":{"full":false,"thumbnail":false,"medium":false,"medium_large":false,"large":false,"1536x1536":false,"2048x2048":false},"uagb_author_info":{"display_name":"Markus Baumgartner","author_link":"https:\/\/landingpage-mason.vinitor.app\/author\/m-baumgartner\/"},"uagb_comment_info":0,"uagb_excerpt":"Fragen &amp; Antworten Hier finden Sie schnelle Antworten zu Fragen zur \u00dcbersichtskarte und Schlagkartei","_links":{"self":[{"href":"https:\/\/landingpage-mason.vinitor.app\/wp-json\/wp\/v2\/pages\/2571","targetHints":{"allow":["GET"]}}],"collection":[{"href":"https:\/\/landingpage-mason.vinitor.app\/wp-json\/wp\/v2\/pages"}],"about":[{"href":"https:\/\/landingpage-mason.vinitor.app\/wp-json\/wp\/v2\/types\/page"}],"author":[{"embeddable":true,"href":"https:\/\/landingpage-mason.vinitor.app\/wp-json\/wp\/v2\/users\/2"}],"replies":[{"embeddable":true,"href":"https:\/\/landingpage-mason.vinitor.app\/wp-json\/wp\/v2\/comments?post=2571"}],"version-history":[{"count":7,"href":"https:\/\/landingpage-mason.vinitor.app\/wp-json\/wp\/v2\/pages\/2571\/revisions"}],"predecessor-version":[{"id":2619,"href":"https:\/\/landingpage-mason.vinitor.app\/wp-json\/wp\/v2\/pages\/2571\/revisions\/2619"}],"wp:attachment":[{"href":"https:\/\/landingpage-mason.vinitor.app\/wp-json\/wp\/v2\/media?parent=2571"}],"curies":[{"name":"wp","href":"https:\/\/api.w.org\/{rel}","templated":true}]}}